{"id":5820,"date":"2022-01-18T12:04:04","date_gmt":"2022-01-18T12:04:04","guid":{"rendered":"https:\/\/www.plan-it-all.com\/?page_id=5820"},"modified":"2022-01-18T12:06:23","modified_gmt":"2022-01-18T12:06:23","slug":"demo-lang-1-de","status":"publish","type":"page","link":"https:\/\/www.plan-it-all.com\/de\/demo-lang-1-de\/","title":{"rendered":"Demo Lang 1 DE"},"content":{"rendered":"<div class=\"fusion-fullwidth fullwidth-box fusion-builder-row-1 fusion-flex-container nonhundred-percent-fullwidth non-hundred-percent-height-scrolling\" style=\"--awb-border-radius-top-left:0px;--awb-border-radius-top-right:0px;--awb-border-radius-bottom-right:0px;--awb-border-radius-bottom-left:0px;--awb-flex-wrap:wrap;\" ><div class=\"fusion-builder-row fusion-row fusion-flex-align-items-flex-start fusion-flex-content-wrap\" style=\"max-width:1424.8px;margin-left: calc(-4% \/ 2 );margin-right: calc(-4% \/ 2 );\"><div class=\"fusion-layout-column fusion_builder_column fusion-builder-column-0 fusion_builder_column_1_1 1_1 fusion-flex-column\" style=\"--awb-bg-size:cover;--awb-width-large:100%;--awb-margin-top-large:0px;--awb-spacing-right-large:1.92%;--awb-margin-bottom-large:20px;--awb-spacing-left-large:1.92%;--awb-width-medium:100%;--awb-order-medium:0;--awb-spacing-right-medium:1.92%;--awb-spacing-left-medium:1.92%;--awb-width-small:100%;--awb-order-small:0;--awb-spacing-right-small:1.92%;--awb-spacing-left-small:1.92%;\"><div class=\"fusion-column-wrapper fusion-column-has-shadow fusion-flex-justify-content-flex-start fusion-content-layout-column\"><div class=\"fusion-title title fusion-title-1 fusion-sep-none fusion-title-text fusion-title-size-one\"><h1 class=\"fusion-title-heading title-heading-left fusion-responsive-typography-calculated\" style=\"margin:0;--fontSize:36;line-height:1.36;\"><h2>Was ist Lorem Ipsum?<\/h2><\/h1><\/div><div class=\"fusion-text fusion-text-1\"><p>Lorem Ipsum ist einfach Blindtext der Druck- und Satzindustrie. Lorem Ipsum ist seit den 1500er Jahren der Standard-Dummy-Text der Branche, als ein unbekannter Drucker eine Galeere mit Typen nahm und sie durcheinander brachte, um ein Typenmusterbuch herzustellen. Sie hat nicht nur f\u00fcnf Jahrhunderte, sondern auch den Sprung in den elektronischen Satz \u00fcberstanden und ist im Wesentlichen unver\u00e4ndert geblieben. Es wurde in den 1960er Jahren mit der Ver\u00f6ffentlichung von Letraset-Bl\u00e4ttern mit Passagen von Lorem Ipsum und in j\u00fcngerer Zeit mit Desktop-Publishing-Software wie Aldus PageMaker, einschlie\u00dflich Versionen von Lorem Ipsum, popul\u00e4r.<\/p>\n<\/div><\/div><\/div><\/div><\/div>\n","protected":false},"excerpt":{"rendered":"","protected":false},"author":6,"featured_media":0,"parent":0,"menu_order":0,"comment_status":"closed","ping_status":"closed","template":"","meta":{"om_disable_all_campaigns":false,"_monsterinsights_skip_tracking":false,"_monsterinsights_sitenote_active":false,"_monsterinsights_sitenote_note":"","_monsterinsights_sitenote_category":0,"footnotes":""},"class_list":["post-5820","page","type-page","status-publish","hentry"],"yoast_head":"<!-- This site is optimized with the Yoast SEO plugin v26.8 - https:\/\/yoast.com\/product\/yoast-seo-wordpress\/ -->\n<title>Demo Lang 1 DE - Plan It All<\/title>\n<meta name=\"robots\" content=\"index, follow, max-snippet:-1, max-image-preview:large, max-video-preview:-1\" \/>\n<link rel=\"canonical\" href=\"https:\/\/www.plan-it-all.com\/de\/demo-lang-1-de\/\" \/>\n<meta property=\"og:locale\" content=\"de_DE\" \/>\n<meta property=\"og:type\" content=\"article\" \/>\n<meta property=\"og:title\" content=\"Demo Lang 1 DE - Plan It All\" \/>\n<meta property=\"og:url\" content=\"https:\/\/www.plan-it-all.com\/de\/demo-lang-1-de\/\" \/>\n<meta property=\"og:site_name\" content=\"Plan It All\" \/>\n<meta property=\"article:modified_time\" content=\"2022-01-18T12:06:23+00:00\" \/>\n<meta property=\"og:image\" content=\"https:\/\/www.plan-it-all.com\/wp-content\/uploads\/2022\/03\/PLAN-IT-ALL-LOGO-high-resolution-1.png\" \/>\n\t<meta property=\"og:image:width\" content=\"9980\" \/>\n\t<meta property=\"og:image:height\" content=\"5555\" \/>\n\t<meta property=\"og:image:type\" content=\"image\/png\" \/>\n<meta name=\"twitter:card\" content=\"summary_large_image\" \/>\n<meta name=\"twitter:label1\" content=\"Gesch\u00e4tzte Lesezeit\" \/>\n\t<meta name=\"twitter:data1\" content=\"4\u00a0Minuten\" \/>\n<script type=\"application\/ld+json\" class=\"yoast-schema-graph\">{\"@context\":\"https:\/\/schema.org\",\"@graph\":[{\"@type\":\"WebPage\",\"@id\":\"https:\/\/www.plan-it-all.com\/de\/demo-lang-1-de\/\",\"url\":\"https:\/\/www.plan-it-all.com\/de\/demo-lang-1-de\/\",\"name\":\"Demo Lang 1 DE - Plan It All\",\"isPartOf\":{\"@id\":\"https:\/\/www.plan-it-all.com\/#website\"},\"datePublished\":\"2022-01-18T12:04:04+00:00\",\"dateModified\":\"2022-01-18T12:06:23+00:00\",\"inLanguage\":\"de\",\"potentialAction\":[{\"@type\":\"ReadAction\",\"target\":[\"https:\/\/www.plan-it-all.com\/de\/demo-lang-1-de\/\"]}]},{\"@type\":\"WebSite\",\"@id\":\"https:\/\/www.plan-it-all.com\/#website\",\"url\":\"https:\/\/www.plan-it-all.com\/\",\"name\":\"Plan It All\",\"description\":\"\",\"potentialAction\":[{\"@type\":\"SearchAction\",\"target\":{\"@type\":\"EntryPoint\",\"urlTemplate\":\"https:\/\/www.plan-it-all.com\/?s={search_term_string}\"},\"query-input\":{\"@type\":\"PropertyValueSpecification\",\"valueRequired\":true,\"valueName\":\"search_term_string\"}}],\"inLanguage\":\"de\"}]}<\/script>\n<!-- \/ Yoast SEO plugin. -->","yoast_head_json":{"title":"Demo Lang 1 DE - Plan It All","robots":{"index":"index","follow":"follow","max-snippet":"max-snippet:-1","max-image-preview":"max-image-preview:large","max-video-preview":"max-video-preview:-1"},"canonical":"https:\/\/www.plan-it-all.com\/de\/demo-lang-1-de\/","og_locale":"de_DE","og_type":"article","og_title":"Demo Lang 1 DE - Plan It All","og_url":"https:\/\/www.plan-it-all.com\/de\/demo-lang-1-de\/","og_site_name":"Plan It All","article_modified_time":"2022-01-18T12:06:23+00:00","og_image":[{"width":9980,"height":5555,"url":"https:\/\/www.plan-it-all.com\/wp-content\/uploads\/2022\/03\/PLAN-IT-ALL-LOGO-high-resolution-1.png","type":"image\/png"}],"twitter_card":"summary_large_image","twitter_misc":{"Gesch\u00e4tzte Lesezeit":"4\u00a0Minuten"},"schema":{"@context":"https:\/\/schema.org","@graph":[{"@type":"WebPage","@id":"https:\/\/www.plan-it-all.com\/de\/demo-lang-1-de\/","url":"https:\/\/www.plan-it-all.com\/de\/demo-lang-1-de\/","name":"Demo Lang 1 DE - Plan It All","isPartOf":{"@id":"https:\/\/www.plan-it-all.com\/#website"},"datePublished":"2022-01-18T12:04:04+00:00","dateModified":"2022-01-18T12:06:23+00:00","inLanguage":"de","potentialAction":[{"@type":"ReadAction","target":["https:\/\/www.plan-it-all.com\/de\/demo-lang-1-de\/"]}]},{"@type":"WebSite","@id":"https:\/\/www.plan-it-all.com\/#website","url":"https:\/\/www.plan-it-all.com\/","name":"Plan It All","description":"","potentialAction":[{"@type":"SearchAction","target":{"@type":"EntryPoint","urlTemplate":"https:\/\/www.plan-it-all.com\/?s={search_term_string}"},"query-input":{"@type":"PropertyValueSpecification","valueRequired":true,"valueName":"search_term_string"}}],"inLanguage":"de"}]}},"_links":{"self":[{"href":"https:\/\/www.plan-it-all.com\/de\/wp-json\/wp\/v2\/pages\/5820","targetHints":{"allow":["GET"]}}],"collection":[{"href":"https:\/\/www.plan-it-all.com\/de\/wp-json\/wp\/v2\/pages"}],"about":[{"href":"https:\/\/www.plan-it-all.com\/de\/wp-json\/wp\/v2\/types\/page"}],"author":[{"embeddable":true,"href":"https:\/\/www.plan-it-all.com\/de\/wp-json\/wp\/v2\/users\/6"}],"replies":[{"embeddable":true,"href":"https:\/\/www.plan-it-all.com\/de\/wp-json\/wp\/v2\/comments?post=5820"}],"version-history":[{"count":2,"href":"https:\/\/www.plan-it-all.com\/de\/wp-json\/wp\/v2\/pages\/5820\/revisions"}],"predecessor-version":[{"id":5825,"href":"https:\/\/www.plan-it-all.com\/de\/wp-json\/wp\/v2\/pages\/5820\/revisions\/5825"}],"wp:attachment":[{"href":"https:\/\/www.plan-it-all.com\/de\/wp-json\/wp\/v2\/media?parent=5820"}],"curies":[{"name":"wp","href":"https:\/\/api.w.org\/{rel}","templated":true}]}}